{"id":5,"date":"2017-02-26T18:24:04","date_gmt":"2017-02-26T17:24:04","guid":{"rendered":"http:\/\/www.oe3fru.eu\/franz\/?page_id=5"},"modified":"2026-01-31T17:27:11","modified_gmt":"2026-01-31T16:27:11","slug":"franz-rodinger-website","status":"publish","type":"page","link":"https:\/\/www.oe3fru.eu\/franz\/","title":{"rendered":"Home"},"content":{"rendered":"<h4 style=\"text-align: center;\"><span style=\"color: #000000;\"><strong>Hallo und herzlich willkommen!<\/strong><\/span><\/h4>\n<h4 style=\"text-align: center;\"><span style=\"color: #000000;\"><strong>Die n\u00e4chsten paar Seiten meiner Website soll ein<\/strong><\/span><br \/>\n<span style=\"color: #000000;\"> <strong> Streifzug durch meinen Heimatort sein und Euch einen<\/strong><\/span><br \/>\n<span style=\"color: #000000;\"> <strong>\u00dcberblick meiner Hobbies und Interessen geben!<\/strong><\/span><\/h4>\n<h4 style=\"text-align: center;\"><span style=\"color: #000000;\"><strong>Viel Spa\u00df dabei!<\/strong><\/span><\/h4>\n<p>&nbsp;<\/p>\n<h4 style=\"text-align: center;\"><strong><span style=\"color: #993300;\"><a href=\"MAILTO:franz.rodinger@outlook.com\"><img data-recalc-dims=\"1\" loading=\"lazy\" decoding=\"async\" data-attachment-id=\"236\" data-permalink=\"https:\/\/www.oe3fru.eu\/franz\/franz-rodinger-website\/oe3fru-franz-2\/\" data-orig-file=\"https:\/\/i0.wp.com\/www.oe3fru.eu\/franz\/wp-content\/uploads\/2017\/02\/OE3FRU-Franz-1.jpg?fit=191%2C275&amp;ssl=1\" data-orig-size=\"191,275\" data-comments-opened=\"1\" data-image-meta=\"{&quot;aperture&quot;:&quot;0&quot;,&quot;credit&quot;:&quot;- Franz Rodinger -&quot;,&quot;camera&quot;:&quot;&quot;,&quot;caption&quot;:&quot;&quot;,&quot;created_timestamp&quot;:&quot;1440977529&quot;,&quot;copyright&quot;:&quot;&quot;,&quot;focal_length&quot;:&quot;0&quot;,&quot;iso&quot;:&quot;0&quot;,&quot;shutter_speed&quot;:&quot;0&quot;,&quot;title&quot;:&quot;&quot;,&quot;orientation&quot;:&quot;0&quot;}\" data-image-title=\"OE3FRU Franz\" data-image-description=\"\" data-image-caption=\"\" data-large-file=\"https:\/\/i0.wp.com\/www.oe3fru.eu\/franz\/wp-content\/uploads\/2017\/02\/OE3FRU-Franz-1.jpg?fit=191%2C275&amp;ssl=1\" class=\"aligncenter wp-image-236\" src=\"https:\/\/i0.wp.com\/www.oe3fru.eu\/franz\/wp-content\/uploads\/2017\/02\/OE3FRU-Franz-1.jpg?resize=131%2C188&#038;ssl=1\" alt=\"\" width=\"131\" height=\"188\" \/><\/a><\/span><\/strong><\/h4>\n<p>&nbsp;<\/p>\n<figure id=\"attachment_50\" aria-describedby=\"caption-attachment-50\" style=\"width: 299px\" class=\"wp-caption aligncenter\"><a href=\"http:\/\/www.brand-nagelberg.at\/main.php?menue=aktuelles&amp;aktuelles\"><img data-recalc-dims=\"1\" loading=\"lazy\" decoding=\"async\" data-attachment-id=\"50\" data-permalink=\"https:\/\/www.oe3fru.eu\/franz\/franz-rodinger-website\/nbg1\/\" data-orig-file=\"https:\/\/i0.wp.com\/www.oe3fru.eu\/franz\/wp-content\/uploads\/2017\/02\/nbg1.jpg?fit=299%2C188&amp;ssl=1\" data-orig-size=\"299,188\" data-comments-opened=\"1\" data-image-meta=\"{&quot;aperture&quot;:&quot;0&quot;,&quot;credit&quot;:&quot;&quot;,&quot;camera&quot;:&quot;&quot;,&quot;caption&quot;:&quot;&quot;,&quot;created_timestamp&quot;:&quot;0&quot;,&quot;copyright&quot;:&quot;&quot;,&quot;focal_length&quot;:&quot;0&quot;,&quot;iso&quot;:&quot;0&quot;,&quot;shutter_speed&quot;:&quot;0&quot;,&quot;title&quot;:&quot;&quot;,&quot;orientation&quot;:&quot;0&quot;}\" data-image-title=\"nbg1\" data-image-description=\"\" data-image-caption=\"\" data-large-file=\"https:\/\/i0.wp.com\/www.oe3fru.eu\/franz\/wp-content\/uploads\/2017\/02\/nbg1.jpg?fit=299%2C188&amp;ssl=1\" class=\"wp-image-50 size-full\" src=\"https:\/\/i0.wp.com\/www.oe3fru.eu\/franz\/wp-content\/uploads\/2017\/02\/nbg1.jpg?resize=299%2C188&#038;ssl=1\" alt=\"\" width=\"299\" height=\"188\" \/><\/a><figcaption id=\"caption-attachment-50\" class=\"wp-caption-text\"><a href=\"http:\/\/www.brand-nagelberg.at\/main.php?menue=aktuelles&amp;aktuelles\">Marktgemeinde Brand-Nagelberg<\/a><\/figcaption><\/figure>\n<p style=\"text-align: center;\"><em><strong>\u201eEin wahrer Freund ist jemand, der Deine Vergangenheit versteht,<\/strong><\/em><\/p>\n<p style=\"text-align: center;\"><em><strong>an Deine Zukunft glaubt und<\/strong><\/em><\/p>\n<p style=\"text-align: center;\"><em><strong>\u00a0Dich heute so nimmt wie Du bist\u2026\u201c<\/strong><\/em><\/p>\n<p>&nbsp;<\/p>\n","protected":false},"excerpt":{"rendered":"<p>Hallo und herzlich willkommen! Die n\u00e4chsten paar Seiten meiner Website soll ein Streifzug durch meinen Heimatort sein und Euch einen \u00dcberblick meiner Hobbies und Interessen geben! Viel Spa\u00df dabei! &nbsp;&#8230;<\/p>\n","protected":false},"author":1,"featured_media":0,"parent":0,"menu_order":0,"comment_status":"closed","ping_status":"open","template":"","meta":{"footnotes":""},"class_list":["post-5","page","type-page","status-publish","hentry"],"yoast_head":"<!-- This site is optimized with the Yoast SEO plugin v27.5 - https:\/\/yoast.com\/product\/yoast-seo-wordpress\/ -->\n<title>Franz Rodinger Website<\/title>\n<meta name=\"description\" content=\"Hallo und herzlich willkommen auf meiner Website! Die n\u00e4chsten paar Seiten meiner Website soll ein Streifzug durch meinen Heimatort sein und Euch einen \u00dcberblick meiner Hobbies und Interessen geben! Viel Spa\u00df dabei!\" \/>\n<meta name=\"robots\" content=\"index, follow, max-snippet:-1, max-image-preview:large, max-video-preview:-1\" \/>\n<link rel=\"canonical\" href=\"https:\/\/www.oe3fru.eu\/franz\/\" \/>\n<meta property=\"og:locale\" content=\"de_DE\" \/>\n<meta property=\"og:type\" content=\"article\" \/>\n<meta property=\"og:title\" content=\"Franz Rodinger Website\" \/>\n<meta property=\"og:description\" content=\"Hallo und herzlich willkommen auf meiner Website! Die n\u00e4chsten paar Seiten meiner Website soll ein Streifzug durch meinen Heimatort sein und Euch einen \u00dcberblick meiner Hobbies und Interessen geben! Viel Spa\u00df dabei!\" \/>\n<meta property=\"og:url\" content=\"https:\/\/www.oe3fru.eu\/franz\/\" \/>\n<meta property=\"og:site_name\" content=\"Franz Rodinger Website\" \/>\n<meta property=\"article:modified_time\" content=\"2026-01-31T16:27:11+00:00\" \/>\n<meta property=\"og:image\" content=\"http:\/\/www.oe3fru.eu\/franz\/wp-content\/uploads\/2017\/02\/OE3FRU-Franz-1.jpg\" \/>\n<meta name=\"twitter:card\" content=\"summary_large_image\" \/>\n<meta name=\"twitter:label1\" content=\"Gesch\u00e4tzte Lesezeit\" \/>\n\t<meta name=\"twitter:data1\" content=\"1\u00a0Minute\" \/>\n<script type=\"application\/ld+json\" class=\"yoast-schema-graph\">{\"@context\":\"https:\\\/\\\/schema.org\",\"@graph\":[{\"@type\":\"WebPage\",\"@id\":\"https:\\\/\\\/www.oe3fru.eu\\\/franz\\\/\",\"url\":\"https:\\\/\\\/www.oe3fru.eu\\\/franz\\\/\",\"name\":\"Franz Rodinger Website\",\"isPartOf\":{\"@id\":\"https:\\\/\\\/www.oe3fru.eu\\\/franz\\\/#website\"},\"primaryImageOfPage\":{\"@id\":\"https:\\\/\\\/www.oe3fru.eu\\\/franz\\\/#primaryimage\"},\"image\":{\"@id\":\"https:\\\/\\\/www.oe3fru.eu\\\/franz\\\/#primaryimage\"},\"thumbnailUrl\":\"http:\\\/\\\/www.oe3fru.eu\\\/franz\\\/wp-content\\\/uploads\\\/2017\\\/02\\\/OE3FRU-Franz-1.jpg\",\"datePublished\":\"2017-02-26T17:24:04+00:00\",\"dateModified\":\"2026-01-31T16:27:11+00:00\",\"description\":\"Hallo und herzlich willkommen auf meiner Website! Die n\u00e4chsten paar Seiten meiner Website soll ein Streifzug durch meinen Heimatort sein und Euch einen \u00dcberblick meiner Hobbies und Interessen geben! Viel Spa\u00df dabei!\",\"breadcrumb\":{\"@id\":\"https:\\\/\\\/www.oe3fru.eu\\\/franz\\\/#breadcrumb\"},\"inLanguage\":\"de\",\"potentialAction\":[{\"@type\":\"ReadAction\",\"target\":[\"https:\\\/\\\/www.oe3fru.eu\\\/franz\\\/\"]}]},{\"@type\":\"ImageObject\",\"inLanguage\":\"de\",\"@id\":\"https:\\\/\\\/www.oe3fru.eu\\\/franz\\\/#primaryimage\",\"url\":\"http:\\\/\\\/www.oe3fru.eu\\\/franz\\\/wp-content\\\/uploads\\\/2017\\\/02\\\/OE3FRU-Franz-1.jpg\",\"contentUrl\":\"http:\\\/\\\/www.oe3fru.eu\\\/franz\\\/wp-content\\\/uploads\\\/2017\\\/02\\\/OE3FRU-Franz-1.jpg\"},{\"@type\":\"BreadcrumbList\",\"@id\":\"https:\\\/\\\/www.oe3fru.eu\\\/franz\\\/#breadcrumb\",\"itemListElement\":[{\"@type\":\"ListItem\",\"position\":1,\"name\":\"Startseite\",\"item\":\"https:\\\/\\\/www.oe3fru.eu\\\/franz\\\/\"},{\"@type\":\"ListItem\",\"position\":2,\"name\":\"Home\"}]},{\"@type\":\"WebSite\",\"@id\":\"https:\\\/\\\/www.oe3fru.eu\\\/franz\\\/#website\",\"url\":\"https:\\\/\\\/www.oe3fru.eu\\\/franz\\\/\",\"name\":\"Franz Rodinger Website\",\"description\":\"Copyright \u00a9 2017 by Franz Rodinger - All rights reserved.\",\"potentialAction\":[{\"@type\":\"SearchAction\",\"target\":{\"@type\":\"EntryPoint\",\"urlTemplate\":\"https:\\\/\\\/www.oe3fru.eu\\\/franz\\\/?s={search_term_string}\"},\"query-input\":{\"@type\":\"PropertyValueSpecification\",\"valueRequired\":true,\"valueName\":\"search_term_string\"}}],\"inLanguage\":\"de\"}]}<\/script>\n<!-- \/ Yoast SEO plugin. -->","yoast_head_json":{"title":"Franz Rodinger Website","description":"Hallo und herzlich willkommen auf meiner Website! Die n\u00e4chsten paar Seiten meiner Website soll ein Streifzug durch meinen Heimatort sein und Euch einen \u00dcberblick meiner Hobbies und Interessen geben! Viel Spa\u00df dabei!","robots":{"index":"index","follow":"follow","max-snippet":"max-snippet:-1","max-image-preview":"max-image-preview:large","max-video-preview":"max-video-preview:-1"},"canonical":"https:\/\/www.oe3fru.eu\/franz\/","og_locale":"de_DE","og_type":"article","og_title":"Franz Rodinger Website","og_description":"Hallo und herzlich willkommen auf meiner Website! Die n\u00e4chsten paar Seiten meiner Website soll ein Streifzug durch meinen Heimatort sein und Euch einen \u00dcberblick meiner Hobbies und Interessen geben! Viel Spa\u00df dabei!","og_url":"https:\/\/www.oe3fru.eu\/franz\/","og_site_name":"Franz Rodinger Website","article_modified_time":"2026-01-31T16:27:11+00:00","og_image":[{"url":"http:\/\/www.oe3fru.eu\/franz\/wp-content\/uploads\/2017\/02\/OE3FRU-Franz-1.jpg","type":"","width":"","height":""}],"twitter_card":"summary_large_image","twitter_misc":{"Gesch\u00e4tzte Lesezeit":"1\u00a0Minute"},"schema":{"@context":"https:\/\/schema.org","@graph":[{"@type":"WebPage","@id":"https:\/\/www.oe3fru.eu\/franz\/","url":"https:\/\/www.oe3fru.eu\/franz\/","name":"Franz Rodinger Website","isPartOf":{"@id":"https:\/\/www.oe3fru.eu\/franz\/#website"},"primaryImageOfPage":{"@id":"https:\/\/www.oe3fru.eu\/franz\/#primaryimage"},"image":{"@id":"https:\/\/www.oe3fru.eu\/franz\/#primaryimage"},"thumbnailUrl":"http:\/\/www.oe3fru.eu\/franz\/wp-content\/uploads\/2017\/02\/OE3FRU-Franz-1.jpg","datePublished":"2017-02-26T17:24:04+00:00","dateModified":"2026-01-31T16:27:11+00:00","description":"Hallo und herzlich willkommen auf meiner Website! Die n\u00e4chsten paar Seiten meiner Website soll ein Streifzug durch meinen Heimatort sein und Euch einen \u00dcberblick meiner Hobbies und Interessen geben! Viel Spa\u00df dabei!","breadcrumb":{"@id":"https:\/\/www.oe3fru.eu\/franz\/#breadcrumb"},"inLanguage":"de","potentialAction":[{"@type":"ReadAction","target":["https:\/\/www.oe3fru.eu\/franz\/"]}]},{"@type":"ImageObject","inLanguage":"de","@id":"https:\/\/www.oe3fru.eu\/franz\/#primaryimage","url":"http:\/\/www.oe3fru.eu\/franz\/wp-content\/uploads\/2017\/02\/OE3FRU-Franz-1.jpg","contentUrl":"http:\/\/www.oe3fru.eu\/franz\/wp-content\/uploads\/2017\/02\/OE3FRU-Franz-1.jpg"},{"@type":"BreadcrumbList","@id":"https:\/\/www.oe3fru.eu\/franz\/#breadcrumb","itemListElement":[{"@type":"ListItem","position":1,"name":"Startseite","item":"https:\/\/www.oe3fru.eu\/franz\/"},{"@type":"ListItem","position":2,"name":"Home"}]},{"@type":"WebSite","@id":"https:\/\/www.oe3fru.eu\/franz\/#website","url":"https:\/\/www.oe3fru.eu\/franz\/","name":"Franz Rodinger Website","description":"Copyright \u00a9 2017 by Franz Rodinger - All rights reserved.","potentialAction":[{"@type":"SearchAction","target":{"@type":"EntryPoint","urlTemplate":"https:\/\/www.oe3fru.eu\/franz\/?s={search_term_string}"},"query-input":{"@type":"PropertyValueSpecification","valueRequired":true,"valueName":"search_term_string"}}],"inLanguage":"de"}]}},"jetpack_sharing_enabled":false,"jetpack_shortlink":"https:\/\/wp.me\/P8IuKF-5","jetpack-related-posts":[],"_links":{"self":[{"href":"https:\/\/www.oe3fru.eu\/franz\/wp-json\/wp\/v2\/pages\/5","targetHints":{"allow":["GET"]}}],"collection":[{"href":"https:\/\/www.oe3fru.eu\/franz\/wp-json\/wp\/v2\/pages"}],"about":[{"href":"https:\/\/www.oe3fru.eu\/franz\/wp-json\/wp\/v2\/types\/page"}],"author":[{"embeddable":true,"href":"https:\/\/www.oe3fru.eu\/franz\/wp-json\/wp\/v2\/users\/1"}],"replies":[{"embeddable":true,"href":"https:\/\/www.oe3fru.eu\/franz\/wp-json\/wp\/v2\/comments?post=5"}],"version-history":[{"count":10,"href":"https:\/\/www.oe3fru.eu\/franz\/wp-json\/wp\/v2\/pages\/5\/revisions"}],"predecessor-version":[{"id":1258,"href":"https:\/\/www.oe3fru.eu\/franz\/wp-json\/wp\/v2\/pages\/5\/revisions\/1258"}],"wp:attachment":[{"href":"https:\/\/www.oe3fru.eu\/franz\/wp-json\/wp\/v2\/media?parent=5"}],"curies":[{"name":"wp","href":"https:\/\/api.w.org\/{rel}","templated":true}]}}