{"id":6,"date":"2017-03-01T14:17:10","date_gmt":"2017-03-01T13:17:10","guid":{"rendered":"http:\/\/www.oe3fru.eu\/margit\/?page_id=6"},"modified":"2019-03-16T11:55:18","modified_gmt":"2019-03-16T10:55:18","slug":"info","status":"publish","type":"page","link":"https:\/\/www.oe3fru.eu\/margit\/info\/","title":{"rendered":"\u00dcber mich"},"content":{"rendered":"<p style=\"text-align: justify;\"><span class=\"xr_tl xr_kern Normal_text\">Ich besch\u00e4ftige mich schon seit vielen <\/span> <span class=\"xr_tl xr_kern Normal_text\">Jahren mit H\u00e4keln! Meine Hobbies sind <\/span> <span class=\"xr_tl xr_kern Normal_text\">Gartenarbeit, Kochen und eben das <\/span> <span class=\"xr_tl xr_kern Normal_text\">Kunsth\u00e4keln, was ich Euch auf den <\/span> <span class=\"xr_tl xr_kern Normal_text\">n\u00e4chsten Seiten n\u00e4herbringen m\u00f6chte! <\/span> <span class=\"xr_tl xr_kern Normal_text\">Seit meiner Pensionierung 2003 besch\u00e4ftige <\/span> <span class=\"xr_tl xr_kern Normal_text\">ich mich noch intensiver damit was mir <\/span> <span class=\"xr_tl xr_kern Normal_text\">sehr viel Spa\u00df macht und mir die langen <\/span> <span class=\"xr_tl xr_kern Normal_text\">Winterabende oder Regentage kurzweiliger <\/span> <span class=\"xr_tl xr_kern Normal_text\">machen!<\/span> <span class=\"xr_tl xr_kern Normal_text\">Viel Vergn\u00fcgen beim Durchst\u00f6bern meiner <\/span> <span class=\"xr_tl xr_kern Normal_text\">Website!<\/span><\/p>\n<div class=\"xr_txt Normal_text\" style=\"text-align: justify;\"><span class=\"xr_tc xr_kern Normal_text\">Alle Produkte sind aus handels\u00fcblichen Garn!<\/span> <span class=\"xr_tc xr_kern Normal_text\">Die F\u00fcllung der Puppen mit \u201cPolsterf\u00fcllung\u201d.<\/span> <span class=\"xr_tc xr_kern Normal_text\">Insofern in jeder Waschmaschine zu reinigen.<\/span> <span class=\"xr_tc xr_kern Normal_text\">Unbedenklich f\u00fcr Kinder\/Kleinkinder\/Babies!<\/span><\/div>\n","protected":false},"excerpt":{"rendered":"<p>Ich besch\u00e4ftige mich schon seit vielen Jahren mit H\u00e4keln! Meine Hobbies sind Gartenarbeit, Kochen und eben das Kunsth\u00e4keln, was ich Euch auf den n\u00e4chsten Seiten n\u00e4herbringen m\u00f6chte! Seit meiner Pensionierung 2003 besch\u00e4ftige ich mich noch intensiver damit was mir sehr viel Spa\u00df macht und mir die langen Winterabende oder Regentage kurzweiliger machen! Viel Vergn\u00fcgen beim [&hellip;]<\/p>\n","protected":false},"author":1,"featured_media":0,"parent":0,"menu_order":0,"comment_status":"closed","ping_status":"closed","template":"","meta":{"_mc_calendar":[],"footnotes":""},"class_list":["post-6","page","type-page","status-publish","hentry"],"jetpack_sharing_enabled":true,"_links":{"self":[{"href":"https:\/\/www.oe3fru.eu\/margit\/wp-json\/wp\/v2\/pages\/6","targetHints":{"allow":["GET"]}}],"collection":[{"href":"https:\/\/www.oe3fru.eu\/margit\/wp-json\/wp\/v2\/pages"}],"about":[{"href":"https:\/\/www.oe3fru.eu\/margit\/wp-json\/wp\/v2\/types\/page"}],"author":[{"embeddable":true,"href":"https:\/\/www.oe3fru.eu\/margit\/wp-json\/wp\/v2\/users\/1"}],"replies":[{"embeddable":true,"href":"https:\/\/www.oe3fru.eu\/margit\/wp-json\/wp\/v2\/comments?post=6"}],"version-history":[{"count":0,"href":"https:\/\/www.oe3fru.eu\/margit\/wp-json\/wp\/v2\/pages\/6\/revisions"}],"wp:attachment":[{"href":"https:\/\/www.oe3fru.eu\/margit\/wp-json\/wp\/v2\/media?parent=6"}],"curies":[{"name":"wp","href":"https:\/\/api.w.org\/{rel}","templated":true}]}}